{"id":1764,"date":"2023-07-13T20:35:42","date_gmt":"2023-07-13T20:35:42","guid":{"rendered":"https:\/\/hmibilisim.com\/?page_id=1764"},"modified":"2024-11-12T03:52:38","modified_gmt":"2024-11-12T03:52:38","slug":"destek","status":"publish","type":"page","link":"https:\/\/hmibilisim.com\/index.php\/destek\/","title":{"rendered":"Destek"},"content":{"rendered":"\t\t<div data-elementor-type=\"wp-page\" data-elementor-id=\"1764\" class=\"elementor elementor-1764\">\n\t\t\t\t\t\t<section class=\"elementor-section elementor-top-section elementor-element elementor-element-aeba578 elementor-section-boxed elementor-section-height-default elementor-section-height-default\" data-id=\"aeba578\" data-element_type=\"section\">\n\t\t\t\t\t\t<div class=\"elementor-container elementor-column-gap-narrow\">\n\t\t\t\t\t<div class=\"elementor-column elementor-col-100 elementor-top-column elementor-element elementor-element-02004fc\" data-id=\"02004fc\" data-element_type=\"column\" data-settings=\"{&quot;background_background&quot;:&quot;classic&quot;}\">\n\t\t\t<div class=\"elementor-widget-wrap elementor-element-populated\">\n\t\t\t\t\t\t<div class=\"elementor-element elementor-element-aa5c712 elementor-widget elementor-widget-spacer\" data-id=\"aa5c712\" data-element_type=\"widget\" data-widget_type=\"spacer.default\">\n\t\t\t\t<div class=\"elementor-widget-container\">\n\t\t\t<style>\/*! elementor - v3.23.0 - 05-08-2024 *\/\n.elementor-column .elementor-spacer-inner{height:var(--spacer-size)}.e-con{--container-widget-width:100%}.e-con-inner>.elementor-widget-spacer,.e-con>.elementor-widget-spacer{width:var(--container-widget-width,var(--spacer-size));--align-self:var(--container-widget-align-self,initial);--flex-shrink:0}.e-con-inner>.elementor-widget-spacer>.elementor-widget-container,.e-con>.elementor-widget-spacer>.elementor-widget-container{height:100%;width:100%}.e-con-inner>.elementor-widget-spacer>.elementor-widget-container>.elementor-spacer,.e-con>.elementor-widget-spacer>.elementor-widget-container>.elementor-spacer{height:100%}.e-con-inner>.elementor-widget-spacer>.elementor-widget-container>.elementor-spacer>.elementor-spacer-inner,.e-con>.elementor-widget-spacer>.elementor-widget-container>.elementor-spacer>.elementor-spacer-inner{height:var(--container-widget-height,var(--spacer-size))}.e-con-inner>.elementor-widget-spacer.elementor-widget-empty,.e-con>.elementor-widget-spacer.elementor-widget-empty{position:relative;min-height:22px;min-width:22px}.e-con-inner>.elementor-widget-spacer.elementor-widget-empty .elementor-widget-empty-icon,.e-con>.elementor-widget-spacer.elementor-widget-empty .elementor-widget-empty-icon{position:absolute;top:0;bottom:0;left:0;right:0;margin:auto;padding:0;width:22px;height:22px}<\/style>\t\t<div class=\"elementor-spacer\">\n\t\t\t<div class=\"elementor-spacer-inner\"><\/div>\n\t\t<\/div>\n\t\t\t\t<\/div>\n\t\t\t\t<\/div>\n\t\t\t\t<div class=\"elementor-element elementor-element-33595fe elementor-invisible elementor-widget elementor-widget-html\" data-id=\"33595fe\" data-element_type=\"widget\" data-settings=\"{&quot;_animation&quot;:&quot;fadeInDown&quot;}\" data-widget_type=\"html.default\">\n\t\t\t\t<div class=\"elementor-widget-container\">\n\t\t\t<!DOCTYPE html>\r\n<html>\r\n<head>\r\n  <title>Canl\u0131 Destek Sayfas\u0131<\/title>\r\n  <style>\r\n    body {\r\n      font-family: Arial, sans-serif;\r\n      background-color: #f2f2f2;\r\n      margin: 0;\r\n      padding: 0;\r\n    }\r\n\r\n    .container {\r\n      width: 100%;\r\n      max-width: 800px;\r\n      margin: 40px auto;\r\n      background-color: #fff;\r\n      padding: 40px;\r\n      border-radius: 10px;\r\n      box-shadow: 0 2px 10px rgba(0, 0, 0, 0.1);\r\n      position: relative;\r\n    }\r\n\r\n    .title {\r\n      font-size: 32px;\r\n      font-weight: bold;\r\n      margin-bottom: 20px;\r\n      text-align: center;\r\n    }\r\n\r\n    .info {\r\n      font-size: 18px;\r\n      line-height: 1.5;\r\n      margin-bottom: 40px;\r\n    }\r\n\r\n    .contact-info {\r\n      margin-bottom: 20px;\r\n    }\r\n\r\n    .contact-info label {\r\n      font-weight: bold;\r\n      display: block;\r\n      margin-bottom: 5px;\r\n    }\r\n\r\n    .contact-info p {\r\n      margin: 0;\r\n    }\r\n\r\n    .logo {\r\n      position: absolute;\r\n      bottom: 20px;\r\n      left: 20px;\r\n      width: 50px;\r\n      height: 50px;\r\n      background-image: url(\"http:\/\/example.com\/path\/to\/2111641.png\");\r\n      background-size: cover;\r\n      background-position: center;\r\n      border-radius: 50%;\r\n    }\r\n\r\n    .button-container {\r\n      position: absolute;\r\n      bottom: 20px;\r\n      right: 20px;\r\n      display: flex;\r\n      align-items: center;\r\n    }\r\n\r\n    .button {\r\n      display: inline-block;\r\n      margin-right: 10px;\r\n      padding: 10px 20px;\r\n      font-size: 16px;\r\n      font-weight: bold;\r\n      color: #fff;\r\n      background-color: #0090E3;\r\n      border: none;\r\n      border-radius: 5px;\r\n      cursor: pointer;\r\n    }\r\n\r\n    .button:hover {\r\n      background-color: #0072C2;\r\n    }\r\n  <\/style>\r\n<\/head>\r\n<body>\r\n  <div class=\"container\">\r\n    <div class=\"title\">Canl\u0131 Destek<\/div>\r\n    <div class=\"info\">\r\n      <p>Canl\u0131 destek hizmetimiz, size her t\u00fcrl\u00fc sorunuzda ve ihtiyac\u0131n\u0131zda yard\u0131mc\u0131 olmak i\u00e7in burada bulunmaktad\u0131r. M\u00fc\u015fteri memnuniyeti bizim \u00f6nceli\u011fimizdir ve uzman ekibimiz, en k\u0131sa s\u00fcrede size geri d\u00f6n\u00fc\u015f yapacakt\u0131r.<\/p>\r\n      <p>Canl\u0131 destek hizmetimiz a\u015fa\u011f\u0131daki yollarla ula\u015f\u0131labilir:<\/p>\r\n    <\/div>\r\n    <div class=\"contact-info\">\r\n      <label>Telefon:<\/label>\r\n      <p>\r\n         0850 241 9551<\/p>\r\n    <\/div>\r\n    <div class=\"contact-info\">\r\n      <label>E-posta:<\/label>\r\n      <p>info@hmibilisim.com<\/p>\r\n     \r\n    <\/div>\r\n    <div class=\"contact-info\">\r\n      <label>\u00c7al\u0131\u015fma Saatleri:<\/label>\r\n      <p>Pazartesi - Cuma: 09:00 - 18:00<\/p>\r\n     \r\n      <p>Cumartesi - Pazar: Kapal\u0131<\/p>\r\n    <\/div>\r\n    <div class=\"logo\"><\/div>\r\n    <div class=\"button-container\">\r\n      <a href=\"https:\/\/www.alpemix.com\/site\/Alpemix.exe\" target=\"_blank\" class=\"button\">Alpemix<\/a>\r\n      <a href=\"https:\/\/anydesk.com\/en\" target=\"_blank\" class=\"button\">AnyDesk<\/a>\r\n    <\/div>\r\n  <\/div>\r\n<\/body>\r\n<\/html>\r\n\t\t<\/div>\n\t\t\t\t<\/div>\n\t\t\t\t<div class=\"elementor-element elementor-element-1fb2378 elementor-widget elementor-widget-spacer\" data-id=\"1fb2378\" data-element_type=\"widget\" data-widget_type=\"spacer.default\">\n\t\t\t\t<div class=\"elementor-widget-container\">\n\t\t\t\t\t<div class=\"elementor-spacer\">\n\t\t\t<div class=\"elementor-spacer-inner\"><\/div>\n\t\t<\/div>\n\t\t\t\t<\/div>\n\t\t\t\t<\/div>\n\t\t\t\t\t<\/div>\n\t\t<\/div>\n\t\t\t\t\t<\/div>\n\t\t<\/section>\n\t\t\t\t<section class=\"elementor-section elementor-top-section elementor-element elementor-element-b118089 elementor-section-boxed elementor-section-height-default elementor-section-height-default\" data-id=\"b118089\" data-element_type=\"section\">\n\t\t\t\t\t\t<div class=\"elementor-container elementor-column-gap-default\">\n\t\t\t\t\t<div class=\"elementor-column elementor-col-100 elementor-top-column elementor-element elementor-element-6669b8f\" data-id=\"6669b8f\" data-element_type=\"column\">\n\t\t\t<div class=\"elementor-widget-wrap elementor-element-populated\">\n\t\t\t\t\t\t<div class=\"elementor-element elementor-element-e849e36 elementor-widget elementor-widget-spacer\" data-id=\"e849e36\" data-element_type=\"widget\" data-widget_type=\"spacer.default\">\n\t\t\t\t<div class=\"elementor-widget-container\">\n\t\t\t\t\t<div class=\"elementor-spacer\">\n\t\t\t<div class=\"elementor-spacer-inner\"><\/div>\n\t\t<\/div>\n\t\t\t\t<\/div>\n\t\t\t\t<\/div>\n\t\t\t\t\t<\/div>\n\t\t<\/div>\n\t\t\t\t\t<\/div>\n\t\t<\/section>\n\t\t\t\t<\/div>\n\t\t","protected":false},"excerpt":{"rendered":"<p>Canl\u0131 Destek Sayfas\u0131 Canl\u0131 Destek Canl\u0131 destek hizmetimiz, size her t\u00fcrl\u00fc sorunuzda ve ihtiyac\u0131n\u0131zda yard\u0131mc\u0131 olmak i\u00e7in burada bulunmaktad\u0131r. M\u00fc\u015fteri memnuniyeti bizim \u00f6nceli\u011fimizdir ve uzman ekibimiz, en k\u0131sa s\u00fcrede size geri d\u00f6n\u00fc\u015f yapacakt\u0131r. Canl\u0131 destek hizmetimiz a\u015fa\u011f\u0131daki yollarla ula\u015f\u0131labilir: Telefon: 0850 241 9551 E-posta: info@hmibilisim.com \u00c7al\u0131\u015fma Saatleri: Pazartesi &#8211; Cuma: 09:00 &#8211; 18:00 Cumartesi &#8211; [&hellip;]<\/p>\n","protected":false},"author":1,"featured_media":0,"parent":0,"menu_order":0,"comment_status":"closed","ping_status":"closed","template":"","meta":{"_uag_custom_page_level_css":"","site-sidebar-layout":"no-sidebar","site-content-layout":"page-builder","ast-site-content-layout":"","site-content-style":"default","site-sidebar-style":"default","ast-global-header-display":"","ast-banner-title-visibility":"","ast-main-header-display":"","ast-hfb-above-header-display":"","ast-hfb-below-header-display":"","ast-hfb-mobile-header-display":"","site-post-title":"disabled","ast-breadcrumbs-content":"","ast-featured-img":"disabled","footer-sml-layout":"","theme-transparent-header-meta":"","adv-header-id-meta":"","stick-header-meta":"","header-above-stick-meta":"","header-main-stick-meta":"","header-below-stick-meta":"","astra-migrate-meta-layouts":"default","ast-page-background-enabled":"default","ast-page-background-meta":{"desktop":{"background-color":"","background-image":"","background-repeat":"repeat","background-position":"center center","background-size":"auto","background-attachment":"scroll","background-type":"","background-media":"","overlay-type":"","overlay-color":"","overlay-opacity":"","overlay-gradient":""},"tablet":{"background-color":"","background-image":"","background-repeat":"repeat","background-position":"center center","background-size":"auto","background-attachment":"scroll","background-type":"","background-media":"","overlay-type":"","overlay-color":"","overlay-opacity":"","overlay-gradient":""},"mobile":{"background-color":"","background-image":"","background-repeat":"repeat","background-position":"center center","background-size":"auto","background-attachment":"scroll","background-type":"","background-media":"","overlay-type":"","overlay-color":"","overlay-opacity":"","overlay-gradient":""}},"ast-content-background-meta":{"desktop":{"background-color":"var(--ast-global-color-5)","background-image":"","background-repeat":"repeat","background-position":"center center","background-size":"auto","background-attachment":"scroll","background-type":"","background-media":"","overlay-type":"","overlay-color":"","overlay-opacity":"","overlay-gradient":""},"tablet":{"background-color":"var(--ast-global-color-5)","background-image":"","background-repeat":"repeat","background-position":"center center","background-size":"auto","background-attachment":"scroll","background-type":"","background-media":"","overlay-type":"","overlay-color":"","overlay-opacity":"","overlay-gradient":""},"mobile":{"background-color":"var(--ast-global-color-5)","background-image":"","background-repeat":"repeat","background-position":"center center","background-size":"auto","background-attachment":"scroll","background-type":"","background-media":"","overlay-type":"","overlay-color":"","overlay-opacity":"","overlay-gradient":""}},"footnotes":""},"class_list":["post-1764","page","type-page","status-publish","hentry"],"uagb_featured_image_src":{"full":false,"thumbnail":false,"medium":false,"medium_large":false,"large":false,"1536x1536":false,"2048x2048":false},"uagb_author_info":{"display_name":"halduntek_m414686q","author_link":"https:\/\/hmibilisim.com\/index.php\/author\/halduntek_m414686q\/"},"uagb_comment_info":0,"uagb_excerpt":"Canl\u0131 Destek Sayfas\u0131 Canl\u0131 Destek Canl\u0131 destek hizmetimiz, size her t\u00fcrl\u00fc sorunuzda ve ihtiyac\u0131n\u0131zda yard\u0131mc\u0131 olmak i\u00e7in burada bulunmaktad\u0131r. M\u00fc\u015fteri memnuniyeti bizim \u00f6nceli\u011fimizdir ve uzman ekibimiz, en k\u0131sa s\u00fcrede size geri d\u00f6n\u00fc\u015f yapacakt\u0131r. Canl\u0131 destek hizmetimiz a\u015fa\u011f\u0131daki yollarla ula\u015f\u0131labilir: Telefon: 0850 241 9551 E-posta: info@hmibilisim.com \u00c7al\u0131\u015fma Saatleri: Pazartesi &#8211; Cuma: 09:00 &#8211; 18:00 Cumartesi &#8211;&hellip;","_links":{"self":[{"href":"https:\/\/hmibilisim.com\/index.php\/wp-json\/wp\/v2\/pages\/1764"}],"collection":[{"href":"https:\/\/hmibilisim.com\/index.php\/wp-json\/wp\/v2\/pages"}],"about":[{"href":"https:\/\/hmibilisim.com\/index.php\/wp-json\/wp\/v2\/types\/page"}],"author":[{"embeddable":true,"href":"https:\/\/hmibilisim.com\/index.php\/wp-json\/wp\/v2\/users\/1"}],"replies":[{"embeddable":true,"href":"https:\/\/hmibilisim.com\/index.php\/wp-json\/wp\/v2\/comments?post=1764"}],"version-history":[{"count":42,"href":"https:\/\/hmibilisim.com\/index.php\/wp-json\/wp\/v2\/pages\/1764\/revisions"}],"predecessor-version":[{"id":1916,"href":"https:\/\/hmibilisim.com\/index.php\/wp-json\/wp\/v2\/pages\/1764\/revisions\/1916"}],"wp:attachment":[{"href":"https:\/\/hmibilisim.com\/index.php\/wp-json\/wp\/v2\/media?parent=1764"}],"curies":[{"name":"wp","href":"https:\/\/api.w.org\/{rel}","templated":true}]}}