{"id":1752,"date":"2023-07-13T19:45:36","date_gmt":"2023-07-13T19:45:36","guid":{"rendered":"https:\/\/hmibilisim.com\/?page_id=1752"},"modified":"2023-07-13T19:48:12","modified_gmt":"2023-07-13T19:48:12","slug":"bakim-hizmetleri-2","status":"publish","type":"page","link":"https:\/\/hmibilisim.com\/index.php\/bakim-hizmetleri-2\/","title":{"rendered":"Bak\u0131m Hizmetleri"},"content":{"rendered":"\t\t<div data-elementor-type=\"wp-page\" data-elementor-id=\"1752\" class=\"elementor elementor-1752\">\n\t\t\t\t\t\t<section class=\"elementor-section elementor-top-section elementor-element elementor-element-da697fa elementor-section-boxed elementor-section-height-default elementor-section-height-default\" data-id=\"da697fa\" data-element_type=\"section\">\n\t\t\t\t\t\t<div class=\"elementor-container elementor-column-gap-default\">\n\t\t\t\t\t<div class=\"elementor-column elementor-col-100 elementor-top-column elementor-element elementor-element-33a2d9c\" data-id=\"33a2d9c\" data-element_type=\"column\">\n\t\t\t<div class=\"elementor-widget-wrap elementor-element-populated\">\n\t\t\t\t\t\t<div class=\"elementor-element elementor-element-5e2541d elementor-widget elementor-widget-heading\" data-id=\"5e2541d\" data-element_type=\"widget\" data-widget_type=\"heading.default\">\n\t\t\t\t<div class=\"elementor-widget-container\">\n\t\t\t<style>\/*! elementor - v3.23.0 - 05-08-2024 *\/\n.elementor-heading-title{padding:0;margin:0;line-height:1}.elementor-widget-heading .elementor-heading-title[class*=elementor-size-]>a{color:inherit;font-size:inherit;line-height:inherit}.elementor-widget-heading .elementor-heading-title.elementor-size-small{font-size:15px}.elementor-widget-heading .elementor-heading-title.elementor-size-medium{font-size:19px}.elementor-widget-heading .elementor-heading-title.elementor-size-large{font-size:29px}.elementor-widget-heading .elementor-heading-title.elementor-size-xl{font-size:39px}.elementor-widget-heading .elementor-heading-title.elementor-size-xxl{font-size:59px}<\/style><h2 class=\"elementor-heading-title elementor-size-default\">BAKIM H\u0130ZMETLER\u0130<\/h2>\t\t<\/div>\n\t\t\t\t<\/div>\n\t\t\t\t\t<\/div>\n\t\t<\/div>\n\t\t\t\t\t<\/div>\n\t\t<\/section>\n\t\t\t\t<section class=\"elementor-section elementor-top-section elementor-element elementor-element-bd36971 elementor-section-boxed elementor-section-height-default elementor-section-height-default\" data-id=\"bd36971\" data-element_type=\"section\">\n\t\t\t\t\t\t<div class=\"elementor-container elementor-column-gap-default\">\n\t\t\t\t\t<div class=\"elementor-column elementor-col-100 elementor-top-column elementor-element elementor-element-b37692c\" data-id=\"b37692c\" data-element_type=\"column\">\n\t\t\t<div class=\"elementor-widget-wrap elementor-element-populated\">\n\t\t\t\t\t\t<div class=\"elementor-element elementor-element-2b37369 elementor--star-style-star_fontawesome elementor-widget elementor-widget-star-rating\" data-id=\"2b37369\" data-element_type=\"widget\" data-widget_type=\"star-rating.default\">\n\t\t\t\t<div class=\"elementor-widget-container\">\n\t\t\t<style>\/*! elementor - v3.23.0 - 05-08-2024 *\/\n@charset \"UTF-8\";.elementor-star-rating{color:#ccd6df;font-family:eicons;display:inline-block}.elementor-star-rating i{display:inline-block;position:relative;font-style:normal;cursor:default}.elementor-star-rating i:before{content:\"\\e934\";display:block;font-size:inherit;font-family:inherit;position:absolute;overflow:hidden;color:#f0ad4e;top:0;left:0}.elementor-star-rating .elementor-star-empty:before{content:none}.elementor-star-rating .elementor-star-1:before{width:10%}.elementor-star-rating .elementor-star-2:before{width:20%}.elementor-star-rating .elementor-star-3:before{width:30%}.elementor-star-rating .elementor-star-4:before{width:40%}.elementor-star-rating .elementor-star-5:before{width:50%}.elementor-star-rating .elementor-star-6:before{width:60%}.elementor-star-rating .elementor-star-7:before{width:70%}.elementor-star-rating .elementor-star-8:before{width:80%}.elementor-star-rating .elementor-star-9:before{width:90%}.elementor-star-rating__wrapper{display:flex;align-items:center}.elementor-star-rating__title{margin-inline-end:10px}.elementor-star-rating--align-right .elementor-star-rating__wrapper{text-align:right;justify-content:flex-end}.elementor-star-rating--align-left .elementor-star-rating__wrapper{text-align:left;justify-content:flex-start}.elementor-star-rating--align-center .elementor-star-rating__wrapper{text-align:center;justify-content:center}.elementor-star-rating--align-justify .elementor-star-rating__title{margin-inline-end:auto}@media (max-width:1024px){.elementor-star-rating-tablet--align-right .elementor-star-rating__wrapper{text-align:right;justify-content:flex-end}.elementor-star-rating-tablet--align-left .elementor-star-rating__wrapper{text-align:left;justify-content:flex-start}.elementor-star-rating-tablet--align-center .elementor-star-rating__wrapper{text-align:center;justify-content:center}.elementor-star-rating-tablet--align-justify .elementor-star-rating__title{margin-inline-end:auto}}@media (max-width:767px){.elementor-star-rating-mobile--align-right .elementor-star-rating__wrapper{text-align:right;justify-content:flex-end}.elementor-star-rating-mobile--align-left .elementor-star-rating__wrapper{text-align:left;justify-content:flex-start}.elementor-star-rating-mobile--align-center .elementor-star-rating__wrapper{text-align:center;justify-content:center}.elementor-star-rating-mobile--align-justify .elementor-star-rating__title{margin-inline-end:auto}}.last-star{letter-spacing:0}.elementor--star-style-star_unicode .elementor-star-rating{font-family:Arial,Helvetica,sans-serif}.elementor--star-style-star_unicode .elementor-star-rating i:not(.elementor-star-empty):before{content:\"\u2605\"}<\/style>\n\t\t<div class=\"elementor-star-rating__wrapper\">\n\t\t\t\t\t\t<div class=\"elementor-star-rating\" title=\"5\/5\" itemtype=\"http:\/\/schema.org\/Rating\" itemscope=\"\" itemprop=\"reviewRating\"><i class=\"elementor-star-full\">&#xE934;<\/i><i class=\"elementor-star-full\">&#xE934;<\/i><i class=\"elementor-star-full\">&#xE934;<\/i><i class=\"elementor-star-full\">&#xE934;<\/i><i class=\"elementor-star-full\">&#xE934;<\/i> <span itemprop=\"ratingValue\" class=\"elementor-screen-only\">5\/5<\/span><\/div>\t\t<\/div>\n\t\t\t\t<\/div>\n\t\t\t\t<\/div>\n\t\t\t\t\t<\/div>\n\t\t<\/div>\n\t\t\t\t\t<\/div>\n\t\t<\/section>\n\t\t\t\t<section class=\"elementor-section elementor-top-section elementor-element elementor-element-93d650d elementor-section-boxed elementor-section-height-default elementor-section-height-default\" data-id=\"93d650d\" data-element_type=\"section\">\n\t\t\t\t\t\t<div class=\"elementor-container elementor-column-gap-default\">\n\t\t\t\t\t<div class=\"elementor-column elementor-col-100 elementor-top-column elementor-element elementor-element-cb3ae91\" data-id=\"cb3ae91\" data-element_type=\"column\">\n\t\t\t<div class=\"elementor-widget-wrap elementor-element-populated\">\n\t\t\t\t\t\t<div class=\"elementor-element elementor-element-68a4b19 elementor-widget elementor-widget-text-editor\" data-id=\"68a4b19\" data-element_type=\"widget\" data-widget_type=\"text-editor.default\">\n\t\t\t\t<div class=\"elementor-widget-container\">\n\t\t\t<style>\/*! elementor - v3.23.0 - 05-08-2024 *\/\n.elementor-widget-text-editor.elementor-drop-cap-view-stacked .elementor-drop-cap{background-color:#69727d;color:#fff}.elementor-widget-text-editor.elementor-drop-cap-view-framed .elementor-drop-cap{color:#69727d;border:3px solid;background-color:transparent}.elementor-widget-text-editor:not(.elementor-drop-cap-view-default) .elementor-drop-cap{margin-top:8px}.elementor-widget-text-editor:not(.elementor-drop-cap-view-default) .elementor-drop-cap-letter{width:1em;height:1em}.elementor-widget-text-editor .elementor-drop-cap{float:left;text-align:center;line-height:1;font-size:50px}.elementor-widget-text-editor .elementor-drop-cap-letter{display:inline-block}<\/style>\t\t\t\t<div class=\"page-title-area\">\n<div class=\"container\">\n<div class=\"page-title-content text-center\">\n<p>&nbsp;Kamu kurumlar\u0131n\u0131n ya da \u00f6zel \u015firketlerin her ge\u00e7en g\u00fcn artan bilgi teknolojisi kullan\u0131m\u0131, IT sistemlerinin d\u00fczg\u00fcn \u00e7al\u0131\u015fmas\u0131 ve i\u015f ak\u0131\u015f\u0131n\u0131n aksamamas\u0131 i\u00e7in teknik servis gereksinimlerini de beraberinde getirmektedir.<\/p>\n<p>&nbsp;&nbsp;&nbsp; Kurumunuzun artan sistem\/altyap\u0131 bak\u0131m ve y\u00f6netim i\u015f y\u00fck\u00fcn\u00fc, hizmet kalitesi y\u00fcksek bir servis olarak d\u0131\u015f kaynaklara yapt\u0131rman\u0131z m\u00fcmk\u00fcn oldu\u011fu gibi, mevcut ekibinize destek olmak amac\u0131yla profesyonel teknik destek servislerine de ba\u015fvurabilirsiniz. Bu \u015fekilde,maliyetlerinizi d\u00fc\u015f\u00fcr\u00fcrken, kurum i\u00e7i verim ve kaliteyi art\u0131rabilirsiniz.<\/p>\n<p>&nbsp;&nbsp;&nbsp;&nbsp;HM\u0130 Bili\u015fim Destek ve Y\u00f6netim Hizmetlerinde 7\/24 s\u00fcrekli hizmet anlay\u0131\u015f\u0131ndan farkl\u0131 hizmet paketlerine var\u0131ncaya kadar, t\u00fcm kurum i\u00e7i s\u00fcre\u00e7 ve i\u015fleyi\u015fin kesintisiz ve eksiksiz i\u015flemesi ve m\u00fckemmel m\u00fc\u015fteri memnuniyeti esas al\u0131nmaktad\u0131r.<\/p>\n<p>&nbsp;&nbsp;&nbsp;&nbsp;HM\u0130 Bili\u015fimin sundu\u011fu teknik destek, bak\u0131m ve y\u00f6netim hizmetleri ile sistem ve altyap\u0131n\u0131z\u0131, konusunda uzman ve tecr\u00fcbeli profesyonellere teslim etmenin g\u00fcvenini ya\u015fars\u0131n\u0131z.<\/p>\n<p>HM\u0130 Bili\u015fim Destek Hizmetlerinin sizlere sa\u011flad\u0131\u011f\u0131 faydalar \u015f\u00f6yle s\u0131ralanabilir:<\/p>\n<p>&nbsp;\u2022Sistem ve altyap\u0131n\u0131z profesyonel bir \u015fekilde y\u00f6netilir,<br>&nbsp;\u2022Maliyetleri d\u00fc\u015f\u00fcr\u00fcp, servis kalitesini art\u0131r\u0131rs\u0131n\u0131z,<br>&nbsp;\u2022Kesintisiz servis ve i\u015f s\u00fcreklili\u011fi kazan\u0131rs\u0131n\u0131z,<br>&nbsp;\u2022Kontrol edilebilir, raporlanabilir, esnek hizmet al\u0131rs\u0131n\u0131z,<br>&nbsp;\u2022Personelinizin i\u015f y\u00fck\u00fcn\u00fc dengeleyerek kurum i\u00e7i i\u015f verimini art\u0131r\u0131rs\u0131n\u0131z.<\/p>\n<\/div>\n<\/div>\n<\/div>\n<div class=\"page-area \">\n<article id=\"post-1734\" class=\"post-1734 page type-page status-publish has-post-thumbnail hentry\">\n<div class=\"entry-content\">\n<div class=\"elementor elementor-1734\" data-elementor-type=\"wp-page\" data-elementor-id=\"1734\" data-elementor-settings=\"[]\">\n<div class=\"elementor-section-wrap\">\n<section class=\"elementor-section elementor-top-section elementor-element elementor-element-2832e1c elementor-section-boxed elementor-section-height-default elementor-section-height-default\" data-id=\"2832e1c\" data-element_type=\"section\">\n<div class=\"elementor-container elementor-column-gap-default\">\n<div class=\"elementor-column elementor-col-100 elementor-top-column elementor-element elementor-element-a137e3d\" data-id=\"a137e3d\" data-element_type=\"column\">\n<div class=\"elementor-widget-wrap elementor-element-populated\">\n<div class=\"elementor-element elementor-element-215b7b5 elementor-widget elementor-widget-text-editor\" data-id=\"215b7b5\" data-element_type=\"widget\" data-widget_type=\"text-editor.default\">\n<div class=\"elementor-widget-container\">&nbsp;<\/div>\n<\/div>\n<\/div>\n<\/div>\n<\/div>\n<\/section>\n<\/div>\n<\/div>\n<\/div>\n<\/article>\n<\/div>\t\t\t\t\t\t<\/div>\n\t\t\t\t<\/div>\n\t\t\t\t\t<\/div>\n\t\t<\/div>\n\t\t\t\t\t<\/div>\n\t\t<\/section>\n\t\t\t\t<\/div>\n\t\t","protected":false},"excerpt":{"rendered":"<p>BAKIM H\u0130ZMETLER\u0130 &#xE934;&#xE934;&#xE934;&#xE934;&#xE934; 5\/5 &nbsp;Kamu kurumlar\u0131n\u0131n ya da \u00f6zel \u015firketlerin her ge\u00e7en g\u00fcn artan bilgi teknolojisi kullan\u0131m\u0131, IT sistemlerinin d\u00fczg\u00fcn \u00e7al\u0131\u015fmas\u0131 ve i\u015f ak\u0131\u015f\u0131n\u0131n aksamamas\u0131 i\u00e7in teknik servis gereksinimlerini de beraberinde getirmektedir. &nbsp;&nbsp;&nbsp; Kurumunuzun artan sistem\/altyap\u0131 bak\u0131m ve y\u00f6netim i\u015f y\u00fck\u00fcn\u00fc, hizmet kalitesi y\u00fcksek bir servis olarak d\u0131\u015f kaynaklara yapt\u0131rman\u0131z m\u00fcmk\u00fcn oldu\u011fu gibi, mevcut ekibinize [&hellip;]<\/p>\n","protected":false},"author":1,"featured_media":0,"parent":0,"menu_order":0,"comment_status":"closed","ping_status":"closed","template":"","meta":{"_uag_custom_page_level_css":"","site-sidebar-layout":"no-sidebar","site-content-layout":"page-builder","ast-site-content-layout":"","site-content-style":"default","site-sidebar-style":"default","ast-global-header-display":"","ast-banner-title-visibility":"","ast-main-header-display":"","ast-hfb-above-header-display":"","ast-hfb-below-header-display":"","ast-hfb-mobile-header-display":"","site-post-title":"disabled","ast-breadcrumbs-content":"","ast-featured-img":"disabled","footer-sml-layout":"","theme-transparent-header-meta":"","adv-header-id-meta":"","stick-header-meta":"","header-above-stick-meta":"","header-main-stick-meta":"","header-below-stick-meta":"","astra-migrate-meta-layouts":"default","ast-page-background-enabled":"default","ast-page-background-meta":{"desktop":{"background-color":"","background-image":"","background-repeat":"repeat","background-position":"center center","background-size":"auto","background-attachment":"scroll","background-type":"","background-media":"","overlay-type":"","overlay-color":"","overlay-opacity":"","overlay-gradient":""},"tablet":{"background-color":"","background-image":"","background-repeat":"repeat","background-position":"center center","background-size":"auto","background-attachment":"scroll","background-type":"","background-media":"","overlay-type":"","overlay-color":"","overlay-opacity":"","overlay-gradient":""},"mobile":{"background-color":"","background-image":"","background-repeat":"repeat","background-position":"center center","background-size":"auto","background-attachment":"scroll","background-type":"","background-media":"","overlay-type":"","overlay-color":"","overlay-opacity":"","overlay-gradient":""}},"ast-content-background-meta":{"desktop":{"background-color":"var(--ast-global-color-5)","background-image":"","background-repeat":"repeat","background-position":"center center","background-size":"auto","background-attachment":"scroll","background-type":"","background-media":"","overlay-type":"","overlay-color":"","overlay-opacity":"","overlay-gradient":""},"tablet":{"background-color":"var(--ast-global-color-5)","background-image":"","background-repeat":"repeat","background-position":"center center","background-size":"auto","background-attachment":"scroll","background-type":"","background-media":"","overlay-type":"","overlay-color":"","overlay-opacity":"","overlay-gradient":""},"mobile":{"background-color":"var(--ast-global-color-5)","background-image":"","background-repeat":"repeat","background-position":"center center","background-size":"auto","background-attachment":"scroll","background-type":"","background-media":"","overlay-type":"","overlay-color":"","overlay-opacity":"","overlay-gradient":""}},"footnotes":""},"class_list":["post-1752","page","type-page","status-publish","hentry"],"uagb_featured_image_src":{"full":false,"thumbnail":false,"medium":false,"medium_large":false,"large":false,"1536x1536":false,"2048x2048":false},"uagb_author_info":{"display_name":"halduntek_m414686q","author_link":"https:\/\/hmibilisim.com\/index.php\/author\/halduntek_m414686q\/"},"uagb_comment_info":0,"uagb_excerpt":"BAKIM H\u0130ZMETLER\u0130 &#xE934;&#xE934;&#xE934;&#xE934;&#xE934; 5\/5 &nbsp;Kamu kurumlar\u0131n\u0131n ya da \u00f6zel \u015firketlerin her ge\u00e7en g\u00fcn artan bilgi teknolojisi kullan\u0131m\u0131, IT sistemlerinin d\u00fczg\u00fcn \u00e7al\u0131\u015fmas\u0131 ve i\u015f ak\u0131\u015f\u0131n\u0131n aksamamas\u0131 i\u00e7in teknik servis gereksinimlerini de beraberinde getirmektedir. &nbsp;&nbsp;&nbsp; Kurumunuzun artan sistem\/altyap\u0131 bak\u0131m ve y\u00f6netim i\u015f y\u00fck\u00fcn\u00fc, hizmet kalitesi y\u00fcksek bir servis olarak d\u0131\u015f kaynaklara yapt\u0131rman\u0131z m\u00fcmk\u00fcn oldu\u011fu gibi, mevcut ekibinize&hellip;","_links":{"self":[{"href":"https:\/\/hmibilisim.com\/index.php\/wp-json\/wp\/v2\/pages\/1752"}],"collection":[{"href":"https:\/\/hmibilisim.com\/index.php\/wp-json\/wp\/v2\/pages"}],"about":[{"href":"https:\/\/hmibilisim.com\/index.php\/wp-json\/wp\/v2\/types\/page"}],"author":[{"embeddable":true,"href":"https:\/\/hmibilisim.com\/index.php\/wp-json\/wp\/v2\/users\/1"}],"replies":[{"embeddable":true,"href":"https:\/\/hmibilisim.com\/index.php\/wp-json\/wp\/v2\/comments?post=1752"}],"version-history":[{"count":5,"href":"https:\/\/hmibilisim.com\/index.php\/wp-json\/wp\/v2\/pages\/1752\/revisions"}],"predecessor-version":[{"id":1757,"href":"https:\/\/hmibilisim.com\/index.php\/wp-json\/wp\/v2\/pages\/1752\/revisions\/1757"}],"wp:attachment":[{"href":"https:\/\/hmibilisim.com\/index.php\/wp-json\/wp\/v2\/media?parent=1752"}],"curies":[{"name":"wp","href":"https:\/\/api.w.org\/{rel}","templated":true}]}}