{"id":1722,"date":"2023-07-13T19:30:45","date_gmt":"2023-07-13T19:30:45","guid":{"rendered":"https:\/\/hmibilisim.com\/?page_id=1722"},"modified":"2024-11-12T03:10:18","modified_gmt":"2024-11-12T03:10:18","slug":"egitim-hizmetlerimiz","status":"publish","type":"page","link":"https:\/\/hmibilisim.com\/index.php\/egitim-hizmetlerimiz\/","title":{"rendered":"E\u011fitim Hizmetlerimiz"},"content":{"rendered":"\t\t<div data-elementor-type=\"wp-page\" data-elementor-id=\"1722\" class=\"elementor elementor-1722\">\n\t\t\t\t\t\t<section class=\"elementor-section elementor-top-section elementor-element elementor-element-6eebc42 elementor-section-boxed elementor-section-height-default elementor-section-height-default\" data-id=\"6eebc42\" data-element_type=\"section\">\n\t\t\t\t\t\t<div class=\"elementor-container elementor-column-gap-default\">\n\t\t\t\t\t<div class=\"elementor-column elementor-col-100 elementor-top-column elementor-element elementor-element-24a4459\" data-id=\"24a4459\" data-element_type=\"column\">\n\t\t\t<div class=\"elementor-widget-wrap elementor-element-populated\">\n\t\t\t\t\t\t<div class=\"elementor-element elementor-element-21ebef7 elementor-widget elementor-widget-heading\" data-id=\"21ebef7\" data-element_type=\"widget\" data-widget_type=\"heading.default\">\n\t\t\t\t<div class=\"elementor-widget-container\">\n\t\t\t<style>\/*! elementor - v3.23.0 - 05-08-2024 *\/\n.elementor-heading-title{padding:0;margin:0;line-height:1}.elementor-widget-heading .elementor-heading-title[class*=elementor-size-]>a{color:inherit;font-size:inherit;line-height:inherit}.elementor-widget-heading .elementor-heading-title.elementor-size-small{font-size:15px}.elementor-widget-heading .elementor-heading-title.elementor-size-medium{font-size:19px}.elementor-widget-heading .elementor-heading-title.elementor-size-large{font-size:29px}.elementor-widget-heading .elementor-heading-title.elementor-size-xl{font-size:39px}.elementor-widget-heading .elementor-heading-title.elementor-size-xxl{font-size:59px}<\/style><h2 class=\"elementor-heading-title elementor-size-default\">E\u011fitim Hizmetlerimiz<\/h2>\t\t<\/div>\n\t\t\t\t<\/div>\n\t\t\t\t\t<\/div>\n\t\t<\/div>\n\t\t\t\t\t<\/div>\n\t\t<\/section>\n\t\t\t\t<section class=\"elementor-section elementor-top-section elementor-element elementor-element-b6e6a04 elementor-section-boxed elementor-section-height-default elementor-section-height-default\" data-id=\"b6e6a04\" data-element_type=\"section\">\n\t\t\t\t\t\t<div class=\"elementor-container elementor-column-gap-default\">\n\t\t\t\t\t<div class=\"elementor-column elementor-col-100 elementor-top-column elementor-element elementor-element-3745bbd\" data-id=\"3745bbd\" data-element_type=\"column\">\n\t\t\t<div class=\"elementor-widget-wrap elementor-element-populated\">\n\t\t\t\t\t\t<div class=\"elementor-element elementor-element-d26b208 elementor--star-style-star_fontawesome elementor-widget elementor-widget-star-rating\" data-id=\"d26b208\" data-element_type=\"widget\" data-widget_type=\"star-rating.default\">\n\t\t\t\t<div class=\"elementor-widget-container\">\n\t\t\t<style>\/*! elementor - v3.23.0 - 05-08-2024 *\/\n@charset \"UTF-8\";.elementor-star-rating{color:#ccd6df;font-family:eicons;display:inline-block}.elementor-star-rating i{display:inline-block;position:relative;font-style:normal;cursor:default}.elementor-star-rating i:before{content:\"\\e934\";display:block;font-size:inherit;font-family:inherit;position:absolute;overflow:hidden;color:#f0ad4e;top:0;left:0}.elementor-star-rating .elementor-star-empty:before{content:none}.elementor-star-rating .elementor-star-1:before{width:10%}.elementor-star-rating .elementor-star-2:before{width:20%}.elementor-star-rating .elementor-star-3:before{width:30%}.elementor-star-rating .elementor-star-4:before{width:40%}.elementor-star-rating .elementor-star-5:before{width:50%}.elementor-star-rating .elementor-star-6:before{width:60%}.elementor-star-rating .elementor-star-7:before{width:70%}.elementor-star-rating .elementor-star-8:before{width:80%}.elementor-star-rating .elementor-star-9:before{width:90%}.elementor-star-rating__wrapper{display:flex;align-items:center}.elementor-star-rating__title{margin-inline-end:10px}.elementor-star-rating--align-right .elementor-star-rating__wrapper{text-align:right;justify-content:flex-end}.elementor-star-rating--align-left .elementor-star-rating__wrapper{text-align:left;justify-content:flex-start}.elementor-star-rating--align-center .elementor-star-rating__wrapper{text-align:center;justify-content:center}.elementor-star-rating--align-justify .elementor-star-rating__title{margin-inline-end:auto}@media (max-width:1024px){.elementor-star-rating-tablet--align-right .elementor-star-rating__wrapper{text-align:right;justify-content:flex-end}.elementor-star-rating-tablet--align-left .elementor-star-rating__wrapper{text-align:left;justify-content:flex-start}.elementor-star-rating-tablet--align-center .elementor-star-rating__wrapper{text-align:center;justify-content:center}.elementor-star-rating-tablet--align-justify .elementor-star-rating__title{margin-inline-end:auto}}@media (max-width:767px){.elementor-star-rating-mobile--align-right .elementor-star-rating__wrapper{text-align:right;justify-content:flex-end}.elementor-star-rating-mobile--align-left .elementor-star-rating__wrapper{text-align:left;justify-content:flex-start}.elementor-star-rating-mobile--align-center .elementor-star-rating__wrapper{text-align:center;justify-content:center}.elementor-star-rating-mobile--align-justify .elementor-star-rating__title{margin-inline-end:auto}}.last-star{letter-spacing:0}.elementor--star-style-star_unicode .elementor-star-rating{font-family:Arial,Helvetica,sans-serif}.elementor--star-style-star_unicode .elementor-star-rating i:not(.elementor-star-empty):before{content:\"\u2605\"}<\/style>\n\t\t<div class=\"elementor-star-rating__wrapper\">\n\t\t\t\t\t\t<div class=\"elementor-star-rating\" title=\"5\/5\" itemtype=\"http:\/\/schema.org\/Rating\" itemscope=\"\" itemprop=\"reviewRating\"><i class=\"elementor-star-full\">&#xE934;<\/i><i class=\"elementor-star-full\">&#xE934;<\/i><i class=\"elementor-star-full\">&#xE934;<\/i><i class=\"elementor-star-full\">&#xE934;<\/i><i class=\"elementor-star-full\">&#xE934;<\/i> <span itemprop=\"ratingValue\" class=\"elementor-screen-only\">5\/5<\/span><\/div>\t\t<\/div>\n\t\t\t\t<\/div>\n\t\t\t\t<\/div>\n\t\t\t\t\t<\/div>\n\t\t<\/div>\n\t\t\t\t\t<\/div>\n\t\t<\/section>\n\t\t\t\t<section class=\"elementor-section elementor-top-section elementor-element elementor-element-776e197 elementor-section-boxed elementor-section-height-default elementor-section-height-default\" data-id=\"776e197\" data-element_type=\"section\">\n\t\t\t\t\t\t<div class=\"elementor-container elementor-column-gap-default\">\n\t\t\t\t\t<div class=\"elementor-column elementor-col-100 elementor-top-column elementor-element elementor-element-67c5f61\" data-id=\"67c5f61\" data-element_type=\"column\">\n\t\t\t<div class=\"elementor-widget-wrap elementor-element-populated\">\n\t\t\t\t\t\t<div class=\"elementor-element elementor-element-7b44b82 elementor-widget elementor-widget-text-editor\" data-id=\"7b44b82\" data-element_type=\"widget\" data-widget_type=\"text-editor.default\">\n\t\t\t\t<div class=\"elementor-widget-container\">\n\t\t\t<style>\/*! elementor - v3.23.0 - 05-08-2024 *\/\n.elementor-widget-text-editor.elementor-drop-cap-view-stacked .elementor-drop-cap{background-color:#69727d;color:#fff}.elementor-widget-text-editor.elementor-drop-cap-view-framed .elementor-drop-cap{color:#69727d;border:3px solid;background-color:transparent}.elementor-widget-text-editor:not(.elementor-drop-cap-view-default) .elementor-drop-cap{margin-top:8px}.elementor-widget-text-editor:not(.elementor-drop-cap-view-default) .elementor-drop-cap-letter{width:1em;height:1em}.elementor-widget-text-editor .elementor-drop-cap{float:left;text-align:center;line-height:1;font-size:50px}.elementor-widget-text-editor .elementor-drop-cap-letter{display:inline-block}<\/style>\t\t\t\t<p>Bilgi toplumu d\u00f6n\u00fc\u015f\u00fcm\u00fc, bilgi ve ileti\u015fim teknolojilerinin ya\u015fam\u0131n do\u011fal bir par\u00e7as\u0131 olmas\u0131 ve her alanda verimlili\u011fin art\u0131r\u0131lmas\u0131 ile dikkate de\u011fer bir ivme kazanabilir.\u00a0HM\u0130 e\u011fitimleri ile uzmanl\u0131k alanlar\u0131n\u0131z ile ilgili konularda deneyim kazanabilir, a\u011fa ba\u011fl\u0131 her t\u00fcrl\u00fc farkl\u0131 sistemin birbirleri ile uyumlu \u00e7al\u0131\u015fmas\u0131n\u0131 sa\u011flayabilirsiniz. Ayn\u0131 zamanda, kurumunuzda ya da \u015firketinizde bilgi teknolojilerinden sorumlu \u00e7al\u0131\u015fanlar\u0131n\u0131z\u0131n daha yetkin ve nitelikli bir hale gelmesine katk\u0131da bulunursunuz.<\/p><p><strong>Neden Hmi Bili\u015fim Akademide E\u011fitim Almal\u0131s\u0131n\u0131z ?<\/strong><\/p><p>\u00a0 \u00a0 HM\u0130 Akademi, orta ve b\u00fcy\u00fck \u00f6l\u00e7ekli kurumsal firmalara Lokal a\u011f, ,Geni\u015f alan a\u011f, Kablosuz a\u011f teknolojileri, microsoft, vmware, sunucu, veri depolama ve sanalla\u015ft\u0131rma alan\u0131nda dan\u0131\u015fmanl\u0131k, sistem ve network projeleri ger\u00e7ekle\u015ftiren,\u00a0 deneyimli saha uzman\/m\u00fchendisleri ve e\u011fitmenlerinden olu\u015fan BT sekt\u00f6r\u00fcnde teknik hizmet anlam\u0131nda b\u00fcy\u00fck pay sahibidir.\u00a0HM\u0130 Bilgi Teknolojileri\u00a0bu kimli\u011finin d\u0131\u015f\u0131nda bili\u015fim sekt\u00f6r\u00fcne\u00a0 deneyimli kadrosu ile saha tecr\u00fcbelerini, b\u00fcnyesinde bar\u0131nd\u0131rd\u0131\u011f\u0131\u00a0 e\u011fitmenleri e\u015fli\u011finde harmanlay\u0131p\u00a0 BT sekt\u00f6r\u00fcne uzman profesyoneller yeti\u015ftirmeyi hedeflemektedir.<\/p><p><strong>HM\u0130 Bili\u015fim E\u011fitim Hizmetlerinin sizlere sa\u011flad\u0131\u011f\u0131 faydalar \u015f\u00f6yle s\u0131ralanabilir:<\/strong><\/p><p>\u00a0\u2022Kurumunuzun ihtiya\u00e7lar\u0131na \u00f6zel haz\u0131rlanm\u0131\u015f kapsaml\u0131 e\u011fitim<br \/>\u00a0\u2022Kurumunuzun tercih etti\u011fi tarih ve lokasyonda e\u011fitim alma f\u0131rsat\u0131<br \/>\u00a0\u2022B\u00fct\u00e7enize uygun, maliyet avantajl\u0131 ve esnek e\u011fitim paketleri<br \/>\u00a0\u2022Maliyet ve zaman a\u00e7\u0131s\u0131ndan minimize edilmi\u015f e\u011fitim giderleri<br \/>\u00a0\u2022E\u011fitmen-\u00f6\u011frenci etkile\u015fimi y\u00fcksek, uygulamal\u0131 e\u011fitimler<\/p><p><strong>E\u011fitimlerimiz;<\/strong><\/p>\t\t\t\t\t\t<\/div>\n\t\t\t\t<\/div>\n\t\t\t\t<div class=\"elementor-element elementor-element-d48cee8 elementor-widget elementor-widget-accordion\" data-id=\"d48cee8\" data-element_type=\"widget\" data-widget_type=\"accordion.default\">\n\t\t\t\t<div class=\"elementor-widget-container\">\n\t\t\t<style>\/*! elementor - v3.23.0 - 05-08-2024 *\/\n.elementor-accordion{text-align:start}.elementor-accordion .elementor-accordion-item{border:1px solid #d5d8dc}.elementor-accordion .elementor-accordion-item+.elementor-accordion-item{border-top:none}.elementor-accordion .elementor-tab-title{margin:0;padding:15px 20px;font-weight:700;line-height:1;cursor:pointer;outline:none}.elementor-accordion .elementor-tab-title .elementor-accordion-icon{display:inline-block;width:1.5em}.elementor-accordion .elementor-tab-title .elementor-accordion-icon svg{width:1em;height:1em}.elementor-accordion .elementor-tab-title .elementor-accordion-icon.elementor-accordion-icon-right{float:right;text-align:right}.elementor-accordion .elementor-tab-title .elementor-accordion-icon.elementor-accordion-icon-left{float:left;text-align:left}.elementor-accordion .elementor-tab-title .elementor-accordion-icon .elementor-accordion-icon-closed{display:block}.elementor-accordion .elementor-tab-title .elementor-accordion-icon .elementor-accordion-icon-opened,.elementor-accordion .elementor-tab-title.elementor-active .elementor-accordion-icon-closed{display:none}.elementor-accordion .elementor-tab-title.elementor-active .elementor-accordion-icon-opened{display:block}.elementor-accordion .elementor-tab-content{display:none;padding:15px 20px;border-top:1px solid #d5d8dc}@media (max-width:767px){.elementor-accordion .elementor-tab-title{padding:12px 15px}.elementor-accordion .elementor-tab-title .elementor-accordion-icon{width:1.2em}.elementor-accordion .elementor-tab-content{padding:7px 15px}}.e-con-inner>.elementor-widget-accordion,.e-con>.elementor-widget-accordion{width:var(--container-widget-width);--flex-grow:var(--container-widget-flex-grow)}<\/style>\t\t<div class=\"elementor-accordion\">\n\t\t\t\t\t\t\t<div class=\"elementor-accordion-item\">\n\t\t\t\t\t<div id=\"elementor-tab-title-2221\" class=\"elementor-tab-title\" data-tab=\"1\" role=\"button\" aria-controls=\"elementor-tab-content-2221\" aria-expanded=\"false\">\n\t\t\t\t\t\t\t\t\t\t\t\t\t<span class=\"elementor-accordion-icon elementor-accordion-icon-left\" aria-hidden=\"true\">\n\t\t\t\t\t\t\t\t\t\t\t\t\t\t\t<span class=\"elementor-accordion-icon-closed\"><i class=\"fas fa-plus\"><\/i><\/span>\n\t\t\t\t\t\t\t\t<span class=\"elementor-accordion-icon-opened\"><i class=\"fas fa-minus\"><\/i><\/span>\n\t\t\t\t\t\t\t\t\t\t\t\t\t\t<\/span>\n\t\t\t\t\t\t\t\t\t\t\t\t<a class=\"elementor-accordion-title\" tabindex=\"0\">Kurumsal E\u011fitimler<\/a>\n\t\t\t\t\t<\/div>\n\t\t\t\t\t<div id=\"elementor-tab-content-2221\" class=\"elementor-tab-content elementor-clearfix\" data-tab=\"1\" role=\"region\" aria-labelledby=\"elementor-tab-title-2221\"><ul><li>Microsoft Hyper V\u00a0 Install, Configure, Management<\/li><li>Vmware Vsphere Install, Configure, Management<\/li><li>Vmware Vcenter Install, Configure, Management<\/li><li>PaloAlto Install, Configure, Management<\/li><li>Cyberoam Install, Configure, Management<\/li><li>Fortigate Install, Configure, Management<\/li><li>Huawei Switch Install, Configure, Management<\/li><li>Cisco Switch Install, Configure, Management<\/li><li>HP Switch Install, Configure, Management<\/li><li>Ubiquiti Unifi Access point Install, Configure, Management<\/li><li>Aruba Access point Install, Configure, Management<\/li><li>HP 3 PAR Storage Install, Configure, Management<\/li><li>MSA 2040 Storage Install, Configure, Management<\/li><li>EMC unity Storage Install, Configure, Management<\/li><li>Dell MD Storage Install Configure, Management<\/li><\/ul><\/div>\n\t\t\t\t<\/div>\n\t\t\t\t\t\t\t<div class=\"elementor-accordion-item\">\n\t\t\t\t\t<div id=\"elementor-tab-title-2222\" class=\"elementor-tab-title\" data-tab=\"2\" role=\"button\" aria-controls=\"elementor-tab-content-2222\" aria-expanded=\"false\">\n\t\t\t\t\t\t\t\t\t\t\t\t\t<span class=\"elementor-accordion-icon elementor-accordion-icon-left\" aria-hidden=\"true\">\n\t\t\t\t\t\t\t\t\t\t\t\t\t\t\t<span class=\"elementor-accordion-icon-closed\"><i class=\"fas fa-plus\"><\/i><\/span>\n\t\t\t\t\t\t\t\t<span class=\"elementor-accordion-icon-opened\"><i class=\"fas fa-minus\"><\/i><\/span>\n\t\t\t\t\t\t\t\t\t\t\t\t\t\t<\/span>\n\t\t\t\t\t\t\t\t\t\t\t\t<a class=\"elementor-accordion-title\" tabindex=\"0\">Bireysel E\u011fitimler<\/a>\n\t\t\t\t\t<\/div>\n\t\t\t\t\t<div id=\"elementor-tab-content-2222\" class=\"elementor-tab-content elementor-clearfix\" data-tab=\"2\" role=\"region\" aria-labelledby=\"elementor-tab-title-2222\"><p><strong>Sistem Uzmanl\u0131\u011f\u0131 E\u011fitimi (100 saat)<\/strong><\/p><ul><li>WINDOWS SERVER 2012R2-2016 MANAGEMENT<\/li><li>WINDOWS SERVER 2012R2-2016 CONFIGURUING NETWORK SERVICES<\/li><li>WINDOWS SERVER 2012R2-2016 MICROSOFT VIRTUALIZATION (HYPER-V)<\/li><li>WINDOWS SERVER 2012R2-2016 ACTIVE DIRECTORY<\/li><li>ACTIVE DIRECTORY DESIGN AND SECURITY<\/li><li>IMPLEMENTING NETWORK LOAD BALANCING<\/li><li>IMPLEMENTING FAILOVER CLUSTERING<\/li><li>IMPLEMENTING DISASTER<\/li><li>EXCHANGE SERVER 2010-2013-2016\u00a0 ENTERPRISE MESSAGING INFRASTRUCTURE<\/li><li>EXCHANGE SERVER 2013\/2016 ENTERPRISE MESSAGING ADMINISTRATION<\/li><li>EXCHANGE SERVER 2013\/2016 ENTERPRISE MESSAGING SOLUTION DESIGN<\/li><li>EXCHANGE SERVER 2013\/2016 CLUSTER\u0130NG<\/li><li>VMWARE VSPHERE6.0\/6.5<\/li><\/ul><p><strong>Network Uzmanl\u0131\u011f\u0131 E\u011fitimi (70 saat)<\/strong><\/p><ul><li>BUILDING A SIMPLE NETWORK<\/li><li>ETHETNET LANS<\/li><li>WIRELESS LANS<\/li><li>LAN CONNECTIONS<\/li><li>WAN CONNECTIONS<\/li><li>NETWORK ENVIROMENT MANAGEMENT<\/li><li>MEDIUM SIZED SWITCHED NETWORK<\/li><li>MEDIUM SIZED ROUTED NETWORK<\/li><li>OSPF EIGRP<\/li><li>ACCESS CONTROL LISTS<\/li><li>ADDRESS SPACE MANAGEMENT<\/li><li>LAN EXTECSION INTO A WAN<\/li><\/ul><\/div>\n\t\t\t\t<\/div>\n\t\t\t\t\t\t\t\t<\/div>\n\t\t\t\t<\/div>\n\t\t\t\t<\/div>\n\t\t\t\t\t<\/div>\n\t\t<\/div>\n\t\t\t\t\t<\/div>\n\t\t<\/section>\n\t\t\t\t<section class=\"elementor-section elementor-top-section elementor-element elementor-element-a93dd09 elementor-section-boxed elementor-section-height-default elementor-section-height-default\" data-id=\"a93dd09\" data-element_type=\"section\">\n\t\t\t\t\t\t<div class=\"elementor-container elementor-column-gap-default\">\n\t\t\t\t\t<div class=\"elementor-column elementor-col-100 elementor-top-column elementor-element elementor-element-6b3fecd\" data-id=\"6b3fecd\" data-element_type=\"column\">\n\t\t\t<div class=\"elementor-widget-wrap elementor-element-populated\">\n\t\t\t\t\t\t<div class=\"elementor-element elementor-element-d230086 elementor-widget elementor-widget-text-editor\" data-id=\"d230086\" data-element_type=\"widget\" data-widget_type=\"text-editor.default\">\n\t\t\t\t<div class=\"elementor-widget-container\">\n\t\t\t\t\t\t\t<p><br style=\"color: rgb(87, 100, 124); font-family: Roboto, sans-serif; font-size: 14px; background-color: rgb(255, 255, 255);\"><span style=\"font-weight: bolder; color: rgb(87, 100, 124); font-family: Roboto, sans-serif; font-size: 14px; background-color: rgb(255, 255, 255);\">Hmi Bili\u015fim E\u011fitim Hizmetleri ile,<\/span><br style=\"color: rgb(87, 100, 124); font-family: Roboto, sans-serif; font-size: 14px; background-color: rgb(255, 255, 255);\"><br style=\"color: rgb(87, 100, 124); font-family: Roboto, sans-serif; font-size: 14px; background-color: rgb(255, 255, 255);\"><span style=\"color: rgb(87, 100, 124); font-family: Roboto, sans-serif; font-size: 14px; background-color: rgb(255, 255, 255);\">&nbsp;\u2022Derinlemesine bilgi ve deneyim sahibi olursunuz,<\/span><br style=\"color: rgb(87, 100, 124); font-family: Roboto, sans-serif; font-size: 14px; background-color: rgb(255, 255, 255);\"><span style=\"color: rgb(87, 100, 124); font-family: Roboto, sans-serif; font-size: 14px; background-color: rgb(255, 255, 255);\">&nbsp;\u2022\u0130htiya\u00e7lar\u0131n\u0131z\u0131 birebir kar\u015f\u0131layan, maliyet avantajl\u0131, y\u00fcksek verimli ve&nbsp;&nbsp; ak\u0131lc\u0131 \u00e7\u00f6z\u00fcm \u00f6nerileri al\u0131rs\u0131n\u0131z,<\/span><br style=\"color: rgb(87, 100, 124); font-family: Roboto, sans-serif; font-size: 14px; background-color: rgb(255, 255, 255);\"><span style=\"color: rgb(87, 100, 124); font-family: Roboto, sans-serif; font-size: 14px; background-color: rgb(255, 255, 255);\">&nbsp;\u2022Pratik, uygulanmas\u0131 kolay, g\u00fcnl\u00fck i\u015fleyi\u015f ve operasyona uygun tasar\u0131mlar ve metodolojiler elde edersiniz,<\/span><br style=\"color: rgb(87, 100, 124); font-family: Roboto, sans-serif; font-size: 14px; background-color: rgb(255, 255, 255);\"><span style=\"color: rgb(87, 100, 124); font-family: Roboto, sans-serif; font-size: 14px; background-color: rgb(255, 255, 255);\">&nbsp;\u2022Analitik \u00f6ng\u00f6r\u00fclerle yol haritan\u0131z\u0131 \u00e7izersiniz,<\/span><br style=\"color: rgb(87, 100, 124); font-family: Roboto, sans-serif; font-size: 14px; background-color: rgb(255, 255, 255);\"><span style=\"color: rgb(87, 100, 124); font-family: Roboto, sans-serif; font-size: 14px; background-color: rgb(255, 255, 255);\">&nbsp;\u2022\u00d6zel tasar\u0131m \u00e7\u00f6z\u00fcmler ile size \u00f6zel i\u015f modelleri ve uygulamalar kazan\u0131rs\u0131n\u0131z.<\/span><br><\/p>\t\t\t\t\t\t<\/div>\n\t\t\t\t<\/div>\n\t\t\t\t\t<\/div>\n\t\t<\/div>\n\t\t\t\t\t<\/div>\n\t\t<\/section>\n\t\t\t\t<\/div>\n\t\t","protected":false},"excerpt":{"rendered":"<p>E\u011fitim Hizmetlerimiz &#xE934;&#xE934;&#xE934;&#xE934;&#xE934; 5\/5 Bilgi toplumu d\u00f6n\u00fc\u015f\u00fcm\u00fc, bilgi ve ileti\u015fim teknolojilerinin ya\u015fam\u0131n do\u011fal bir par\u00e7as\u0131 olmas\u0131 ve her alanda verimlili\u011fin art\u0131r\u0131lmas\u0131 ile dikkate de\u011fer bir ivme kazanabilir.\u00a0HM\u0130 e\u011fitimleri ile uzmanl\u0131k alanlar\u0131n\u0131z ile ilgili konularda deneyim kazanabilir, a\u011fa ba\u011fl\u0131 her t\u00fcrl\u00fc farkl\u0131 sistemin birbirleri ile uyumlu \u00e7al\u0131\u015fmas\u0131n\u0131 sa\u011flayabilirsiniz. Ayn\u0131 zamanda, kurumunuzda ya da \u015firketinizde bilgi teknolojilerinden [&hellip;]<\/p>\n","protected":false},"author":1,"featured_media":0,"parent":0,"menu_order":0,"comment_status":"closed","ping_status":"closed","template":"","meta":{"_uag_custom_page_level_css":"","site-sidebar-layout":"no-sidebar","site-content-layout":"page-builder","ast-site-content-layout":"","site-content-style":"default","site-sidebar-style":"default","ast-global-header-display":"","ast-banner-title-visibility":"","ast-main-header-display":"","ast-hfb-above-header-display":"","ast-hfb-below-header-display":"","ast-hfb-mobile-header-display":"","site-post-title":"disabled","ast-breadcrumbs-content":"","ast-featured-img":"disabled","footer-sml-layout":"","theme-transparent-header-meta":"","adv-header-id-meta":"","stick-header-meta":"","header-above-stick-meta":"","header-main-stick-meta":"","header-below-stick-meta":"","astra-migrate-meta-layouts":"default","ast-page-background-enabled":"default","ast-page-background-meta":{"desktop":{"background-color":"","background-image":"","background-repeat":"repeat","background-position":"center center","background-size":"auto","background-attachment":"scroll","background-type":"","background-media":"","overlay-type":"","overlay-color":"","overlay-opacity":"","overlay-gradient":""},"tablet":{"background-color":"","background-image":"","background-repeat":"repeat","background-position":"center center","background-size":"auto","background-attachment":"scroll","background-type":"","background-media":"","overlay-type":"","overlay-color":"","overlay-opacity":"","overlay-gradient":""},"mobile":{"background-color":"","background-image":"","background-repeat":"repeat","background-position":"center center","background-size":"auto","background-attachment":"scroll","background-type":"","background-media":"","overlay-type":"","overlay-color":"","overlay-opacity":"","overlay-gradient":""}},"ast-content-background-meta":{"desktop":{"background-color":"var(--ast-global-color-5)","background-image":"","background-repeat":"repeat","background-position":"center center","background-size":"auto","background-attachment":"scroll","background-type":"","background-media":"","overlay-type":"","overlay-color":"","overlay-opacity":"","overlay-gradient":""},"tablet":{"background-color":"var(--ast-global-color-5)","background-image":"","background-repeat":"repeat","background-position":"center center","background-size":"auto","background-attachment":"scroll","background-type":"","background-media":"","overlay-type":"","overlay-color":"","overlay-opacity":"","overlay-gradient":""},"mobile":{"background-color":"var(--ast-global-color-5)","background-image":"","background-repeat":"repeat","background-position":"center center","background-size":"auto","background-attachment":"scroll","background-type":"","background-media":"","overlay-type":"","overlay-color":"","overlay-opacity":"","overlay-gradient":""}},"footnotes":""},"class_list":["post-1722","page","type-page","status-publish","hentry"],"uagb_featured_image_src":{"full":false,"thumbnail":false,"medium":false,"medium_large":false,"large":false,"1536x1536":false,"2048x2048":false},"uagb_author_info":{"display_name":"halduntek_m414686q","author_link":"https:\/\/hmibilisim.com\/index.php\/author\/halduntek_m414686q\/"},"uagb_comment_info":0,"uagb_excerpt":"E\u011fitim Hizmetlerimiz &#xE934;&#xE934;&#xE934;&#xE934;&#xE934; 5\/5 Bilgi toplumu d\u00f6n\u00fc\u015f\u00fcm\u00fc, bilgi ve ileti\u015fim teknolojilerinin ya\u015fam\u0131n do\u011fal bir par\u00e7as\u0131 olmas\u0131 ve her alanda verimlili\u011fin art\u0131r\u0131lmas\u0131 ile dikkate de\u011fer bir ivme kazanabilir.\u00a0HM\u0130 e\u011fitimleri ile uzmanl\u0131k alanlar\u0131n\u0131z ile ilgili konularda deneyim kazanabilir, a\u011fa ba\u011fl\u0131 her t\u00fcrl\u00fc farkl\u0131 sistemin birbirleri ile uyumlu \u00e7al\u0131\u015fmas\u0131n\u0131 sa\u011flayabilirsiniz. Ayn\u0131 zamanda, kurumunuzda ya da \u015firketinizde bilgi teknolojilerinden&hellip;","_links":{"self":[{"href":"https:\/\/hmibilisim.com\/index.php\/wp-json\/wp\/v2\/pages\/1722"}],"collection":[{"href":"https:\/\/hmibilisim.com\/index.php\/wp-json\/wp\/v2\/pages"}],"about":[{"href":"https:\/\/hmibilisim.com\/index.php\/wp-json\/wp\/v2\/types\/page"}],"author":[{"embeddable":true,"href":"https:\/\/hmibilisim.com\/index.php\/wp-json\/wp\/v2\/users\/1"}],"replies":[{"embeddable":true,"href":"https:\/\/hmibilisim.com\/index.php\/wp-json\/wp\/v2\/comments?post=1722"}],"version-history":[{"count":14,"href":"https:\/\/hmibilisim.com\/index.php\/wp-json\/wp\/v2\/pages\/1722\/revisions"}],"predecessor-version":[{"id":1906,"href":"https:\/\/hmibilisim.com\/index.php\/wp-json\/wp\/v2\/pages\/1722\/revisions\/1906"}],"wp:attachment":[{"href":"https:\/\/hmibilisim.com\/index.php\/wp-json\/wp\/v2\/media?parent=1722"}],"curies":[{"name":"wp","href":"https:\/\/api.w.org\/{rel}","templated":true}]}}