{"id":1701,"date":"2023-07-13T19:08:56","date_gmt":"2023-07-13T19:08:56","guid":{"rendered":"https:\/\/hmibilisim.com\/?page_id=1701"},"modified":"2023-07-13T19:14:55","modified_gmt":"2023-07-13T19:14:55","slug":"danismanlik-hizmetleri","status":"publish","type":"page","link":"https:\/\/hmibilisim.com\/index.php\/danismanlik-hizmetleri\/","title":{"rendered":"Dan\u0131\u015fmanl\u0131k Hizmetleri"},"content":{"rendered":"\t\t<div data-elementor-type=\"wp-page\" data-elementor-id=\"1701\" class=\"elementor elementor-1701\">\n\t\t\t\t\t\t<section class=\"elementor-section elementor-top-section elementor-element elementor-element-66358e0 elementor-section-boxed elementor-section-height-default elementor-section-height-default\" data-id=\"66358e0\" data-element_type=\"section\">\n\t\t\t\t\t\t<div class=\"elementor-container elementor-column-gap-default\">\n\t\t\t\t\t<div class=\"elementor-column elementor-col-100 elementor-top-column elementor-element elementor-element-229b102\" data-id=\"229b102\" data-element_type=\"column\">\n\t\t\t<div class=\"elementor-widget-wrap elementor-element-populated\">\n\t\t\t\t\t\t<div class=\"elementor-element elementor-element-f53afad elementor-widget elementor-widget-heading\" data-id=\"f53afad\" data-element_type=\"widget\" data-widget_type=\"heading.default\">\n\t\t\t\t<div class=\"elementor-widget-container\">\n\t\t\t<style>\/*! elementor - v3.23.0 - 05-08-2024 *\/\n.elementor-heading-title{padding:0;margin:0;line-height:1}.elementor-widget-heading .elementor-heading-title[class*=elementor-size-]>a{color:inherit;font-size:inherit;line-height:inherit}.elementor-widget-heading .elementor-heading-title.elementor-size-small{font-size:15px}.elementor-widget-heading .elementor-heading-title.elementor-size-medium{font-size:19px}.elementor-widget-heading .elementor-heading-title.elementor-size-large{font-size:29px}.elementor-widget-heading .elementor-heading-title.elementor-size-xl{font-size:39px}.elementor-widget-heading .elementor-heading-title.elementor-size-xxl{font-size:59px}<\/style><h2 class=\"elementor-heading-title elementor-size-default\">DANI\u015eMANLIK H\u0130ZMETLER\u0130<\/h2>\t\t<\/div>\n\t\t\t\t<\/div>\n\t\t\t\t<div class=\"elementor-element elementor-element-74f1a06 elementor-widget elementor-widget-text-editor\" data-id=\"74f1a06\" data-element_type=\"widget\" data-widget_type=\"text-editor.default\">\n\t\t\t\t<div class=\"elementor-widget-container\">\n\t\t\t<style>\/*! elementor - v3.23.0 - 05-08-2024 *\/\n.elementor-widget-text-editor.elementor-drop-cap-view-stacked .elementor-drop-cap{background-color:#69727d;color:#fff}.elementor-widget-text-editor.elementor-drop-cap-view-framed .elementor-drop-cap{color:#69727d;border:3px solid;background-color:transparent}.elementor-widget-text-editor:not(.elementor-drop-cap-view-default) .elementor-drop-cap{margin-top:8px}.elementor-widget-text-editor:not(.elementor-drop-cap-view-default) .elementor-drop-cap-letter{width:1em;height:1em}.elementor-widget-text-editor .elementor-drop-cap{float:left;text-align:center;line-height:1;font-size:50px}.elementor-widget-text-editor .elementor-drop-cap-letter{display:inline-block}<\/style>\t\t\t\t<p><span style=\"color: #57647c; font-family: Roboto, sans-serif; font-size: 14px; background-color: #ffffff;\">HM\u0130 Bili\u015fim Dan\u0131\u015fmanl\u0131k Hizmetleri global bilgi ve deneyimi, bili\u015fim ve telekom\u00fcnikasyon pazar\u0131n\u0131n g\u00fcnl\u00fck i\u015fleyi\u015f, kural ve ko\u015fullar\u0131 ile harmanlayarak, m\u00fc\u015fterilerine detayl\u0131 analizler ve stratejik yol haritalar\u0131 sunar.<\/span><br style=\"color: #57647c; font-family: Roboto, sans-serif; font-size: 14px; background-color: #ffffff;\"><br style=\"color: #57647c; font-family: Roboto, sans-serif; font-size: 14px; background-color: #ffffff;\"><span style=\"color: #57647c; font-family: Roboto, sans-serif; font-size: 14px; background-color: #ffffff;\">&nbsp;&nbsp;&nbsp; \u00d6zellikle geli\u015fmekte olan \u00fclkelerde edindi\u011fimiz bili\u015fim, telekom\u00fcnikasyon, ilgili eko sistemin t\u00fcm par\u00e7alar\u0131na ili\u015fkin deneyimleri ve dinamik vizyonumuzu; servis sa\u011flay\u0131c\u0131lar, kamu kurulu\u015flar\u0131, belediyeler, \u00fcreticiler, kurumsal firmalar ve yat\u0131r\u0131mc\u0131lar gibi bili\u015fim ve telekom\u00fcnikasyon pazar\u0131yla ilgili bilgi talep eden t\u00fcm m\u00fc\u015fterilerimiz ile payla\u015fmaktay\u0131z.<\/span><br style=\"color: #57647c; font-family: Roboto, sans-serif; font-size: 14px; background-color: #ffffff;\"><br style=\"color: #57647c; font-family: Roboto, sans-serif; font-size: 14px; background-color: #ffffff;\"><span style=\"color: #57647c; font-family: Roboto, sans-serif; font-size: 14px; background-color: #ffffff;\">Dan\u0131\u015fmanl\u0131k hizmetlerimiz kapsam\u0131nda bir\u00e7ok farkl\u0131 alanda destek sunmaktay\u0131z. Bunlar aras\u0131nda en \u00f6nemlileri \u015funlard\u0131r:<\/span><br style=\"color: #57647c; font-family: Roboto, sans-serif; font-size: 14px; background-color: #ffffff;\"><br style=\"color: #57647c; font-family: Roboto, sans-serif; font-size: 14px; background-color: #ffffff;\"><span style=\"color: #57647c; font-family: Roboto, sans-serif; font-size: 14px; background-color: #ffffff;\">&nbsp;\u2022Network Altyap\u0131 Sistemleri<\/span><br style=\"color: #57647c; font-family: Roboto, sans-serif; font-size: 14px; background-color: #ffffff;\"><span style=\"color: #57647c; font-family: Roboto, sans-serif; font-size: 14px; background-color: #ffffff;\">&nbsp;\u2022Server, Storage Altyap\u0131 Sistemleri<\/span><br style=\"color: #57647c; font-family: Roboto, sans-serif; font-size: 14px; background-color: #ffffff;\"><span style=\"color: #57647c; font-family: Roboto, sans-serif; font-size: 14px; background-color: #ffffff;\">&nbsp;\u2022Kablolu ve Kablosuz \u0130leti\u015fim Sistemleri<\/span><br style=\"color: #57647c; font-family: Roboto, sans-serif; font-size: 14px; background-color: #ffffff;\"><span style=\"color: #57647c; font-family: Roboto, sans-serif; font-size: 14px; background-color: #ffffff;\">&nbsp;\u2022Felaket Kurtarma Senaryolar\u0131<\/span><br style=\"color: #57647c; font-family: Roboto, sans-serif; font-size: 14px; background-color: #ffffff;\"><span style=\"color: #57647c; font-family: Roboto, sans-serif; font-size: 14px; background-color: #ffffff;\">&nbsp;\u2022Yedekleme Altyap\u0131 Sistemleri<\/span><br style=\"color: #57647c; font-family: Roboto, sans-serif; font-size: 14px; background-color: #ffffff;\"><span style=\"color: #57647c; font-family: Roboto, sans-serif; font-size: 14px; background-color: #ffffff;\">&nbsp;\u2022Servis Sa\u011flay\u0131c\u0131l\u0131k ve Reg\u00fclasyon<\/span><br style=\"color: #57647c; font-family: Roboto, sans-serif; font-size: 14px; background-color: #ffffff;\"><span style=\"color: #57647c; font-family: Roboto, sans-serif; font-size: 14px; background-color: #ffffff;\">&nbsp;\u2022Katma De\u011ferli Servisler<\/span><br style=\"color: #57647c; font-family: Roboto, sans-serif; font-size: 14px; background-color: #ffffff;\"><span style=\"color: #57647c; font-family: Roboto, sans-serif; font-size: 14px; background-color: #ffffff;\">&nbsp;\u2022Pazarlama ve \u00dcr\u00fcn Stratejileri<\/span><br style=\"color: #57647c; font-family: Roboto, sans-serif; font-size: 14px; background-color: #ffffff;\"><span style=\"color: #57647c; font-family: Roboto, sans-serif; font-size: 14px; background-color: #ffffff;\">&nbsp;\u2022Stratejik Yol Haritas\u0131<\/span><br style=\"color: #57647c; font-family: Roboto, sans-serif; font-size: 14px; background-color: #ffffff;\"><span style=\"color: #57647c; font-family: Roboto, sans-serif; font-size: 14px; background-color: #ffffff;\">&nbsp;\u2022Operasyon ve Servis S\u00fcreklili\u011fi<\/span><br style=\"color: #57647c; font-family: Roboto, sans-serif; font-size: 14px; background-color: #ffffff;\"><span style=\"color: #57647c; font-family: Roboto, sans-serif; font-size: 14px; background-color: #ffffff;\">&nbsp;\u2022Sistem ve Network Sa\u011fl\u0131k Taramas\u0131<\/span><\/p>\n<p><span style=\"font-weight: bolder; color: #57647c; font-family: Roboto, sans-serif; font-size: 14px; background-color: #ffffff;\">HM\u0130 Bili\u015fim Dan\u0131\u015fmanl\u0131k Hizmetleri&nbsp; genel anlamda iki ana ba\u015fl\u0131\u011fa ayr\u0131lmaktad\u0131r:<\/span><\/p>\n<p><span style=\"font-weight: bolder; color: #57647c; font-family: Roboto, sans-serif; font-size: 14px; background-color: #ffffff;\">&nbsp;<\/span><\/p>\t\t\t\t\t\t<\/div>\n\t\t\t\t<\/div>\n\t\t\t\t<div class=\"elementor-element elementor-element-a3e0123 elementor-widget elementor-widget-accordion\" data-id=\"a3e0123\" data-element_type=\"widget\" data-widget_type=\"accordion.default\">\n\t\t\t\t<div class=\"elementor-widget-container\">\n\t\t\t<style>\/*! elementor - v3.23.0 - 05-08-2024 *\/\n.elementor-accordion{text-align:start}.elementor-accordion .elementor-accordion-item{border:1px solid #d5d8dc}.elementor-accordion .elementor-accordion-item+.elementor-accordion-item{border-top:none}.elementor-accordion .elementor-tab-title{margin:0;padding:15px 20px;font-weight:700;line-height:1;cursor:pointer;outline:none}.elementor-accordion .elementor-tab-title .elementor-accordion-icon{display:inline-block;width:1.5em}.elementor-accordion .elementor-tab-title .elementor-accordion-icon svg{width:1em;height:1em}.elementor-accordion .elementor-tab-title .elementor-accordion-icon.elementor-accordion-icon-right{float:right;text-align:right}.elementor-accordion .elementor-tab-title .elementor-accordion-icon.elementor-accordion-icon-left{float:left;text-align:left}.elementor-accordion .elementor-tab-title .elementor-accordion-icon .elementor-accordion-icon-closed{display:block}.elementor-accordion .elementor-tab-title .elementor-accordion-icon .elementor-accordion-icon-opened,.elementor-accordion .elementor-tab-title.elementor-active .elementor-accordion-icon-closed{display:none}.elementor-accordion .elementor-tab-title.elementor-active .elementor-accordion-icon-opened{display:block}.elementor-accordion .elementor-tab-content{display:none;padding:15px 20px;border-top:1px solid #d5d8dc}@media (max-width:767px){.elementor-accordion .elementor-tab-title{padding:12px 15px}.elementor-accordion .elementor-tab-title .elementor-accordion-icon{width:1.2em}.elementor-accordion .elementor-tab-content{padding:7px 15px}}.e-con-inner>.elementor-widget-accordion,.e-con>.elementor-widget-accordion{width:var(--container-widget-width);--flex-grow:var(--container-widget-flex-grow)}<\/style>\t\t<div class=\"elementor-accordion\">\n\t\t\t\t\t\t\t<div class=\"elementor-accordion-item\">\n\t\t\t\t\t<div id=\"elementor-tab-title-1711\" class=\"elementor-tab-title\" data-tab=\"1\" role=\"button\" aria-controls=\"elementor-tab-content-1711\" aria-expanded=\"false\">\n\t\t\t\t\t\t\t\t\t\t\t\t\t<span class=\"elementor-accordion-icon elementor-accordion-icon-left\" aria-hidden=\"true\">\n\t\t\t\t\t\t\t\t\t\t\t\t\t\t\t<span class=\"elementor-accordion-icon-closed\"><i class=\"fas fa-plus\"><\/i><\/span>\n\t\t\t\t\t\t\t\t<span class=\"elementor-accordion-icon-opened\"><i class=\"fas fa-minus\"><\/i><\/span>\n\t\t\t\t\t\t\t\t\t\t\t\t\t\t<\/span>\n\t\t\t\t\t\t\t\t\t\t\t\t<a class=\"elementor-accordion-title\" tabindex=\"0\">Servis Sa\u011flay\u0131c\u0131lar i\u00e7in Dan\u0131\u015fmanl\u0131k<\/a>\n\t\t\t\t\t<\/div>\n\t\t\t\t\t<div id=\"elementor-tab-content-1711\" class=\"elementor-tab-content elementor-clearfix\" data-tab=\"1\" role=\"region\" aria-labelledby=\"elementor-tab-title-1711\"><p>\u00a0\u00a0HM\u0130 Bili\u015fim servis sa\u011flay\u0131c\u0131lar i\u00e7in sundu\u011fu dan\u0131\u015fmanl\u0131k hizmetlerinde misyonumuz, m\u00fc\u015fterilerimiz i\u00e7in de\u011fer yaratmak, m\u00fc\u015fterilerimizin kendi servis ve \u00e7\u00f6z\u00fcmlerini geli\u015ftirebilmelerini sa\u011flamak ve telekom\u00fcnikasyon de\u011fer zincirine bilgi ve deneyimle harmanlanm\u0131\u015f yeni oyuncular katmakt\u0131r.<\/p><\/div>\n\t\t\t\t<\/div>\n\t\t\t\t\t\t\t<div class=\"elementor-accordion-item\">\n\t\t\t\t\t<div id=\"elementor-tab-title-1712\" class=\"elementor-tab-title\" data-tab=\"2\" role=\"button\" aria-controls=\"elementor-tab-content-1712\" aria-expanded=\"false\">\n\t\t\t\t\t\t\t\t\t\t\t\t\t<span class=\"elementor-accordion-icon elementor-accordion-icon-left\" aria-hidden=\"true\">\n\t\t\t\t\t\t\t\t\t\t\t\t\t\t\t<span class=\"elementor-accordion-icon-closed\"><i class=\"fas fa-plus\"><\/i><\/span>\n\t\t\t\t\t\t\t\t<span class=\"elementor-accordion-icon-opened\"><i class=\"fas fa-minus\"><\/i><\/span>\n\t\t\t\t\t\t\t\t\t\t\t\t\t\t<\/span>\n\t\t\t\t\t\t\t\t\t\t\t\t<a class=\"elementor-accordion-title\" tabindex=\"0\">Kurumsal Dan\u0131\u015fmanl\u0131k<\/a>\n\t\t\t\t\t<\/div>\n\t\t\t\t\t<div id=\"elementor-tab-content-1712\" class=\"elementor-tab-content elementor-clearfix\" data-tab=\"2\" role=\"region\" aria-labelledby=\"elementor-tab-title-1712\"><p><span style=\"color: #57647c; font-family: Roboto, sans-serif; font-size: 14px; background-color: #ffffff;\">HM\u0130 Bili\u015fim Kurumsal dan\u0131\u015fmanl\u0131k hizmetleri, kurum ve kurulu\u015flar\u0131n telekom\u00fcnikasyon ve bili\u015fim harcamalar\u0131nda s\u0131kl\u0131kla kar\u015f\u0131la\u015ft\u0131klar\u0131 3 \u00f6nemli soruya cevap bulur:<\/span><br style=\"color: #57647c; font-family: Roboto, sans-serif; font-size: 14px; background-color: #ffffff;\" \/><br style=\"color: #57647c; font-family: Roboto, sans-serif; font-size: 14px; background-color: #ffffff;\" \/><span style=\"color: #57647c; font-family: Roboto, sans-serif; font-size: 14px; background-color: #ffffff;\">\u00a01. Nas\u0131l bir sistem\/altyap\u0131 tasarlanmal\u0131?<\/span><br style=\"color: #57647c; font-family: Roboto, sans-serif; font-size: 14px; background-color: #ffffff;\" \/><span style=\"color: #57647c; font-family: Roboto, sans-serif; font-size: 14px; background-color: #ffffff;\">\u00a02. Hangi kaynaklardan faydalanmal\u0131?<\/span><br style=\"color: #57647c; font-family: Roboto, sans-serif; font-size: 14px; background-color: #ffffff;\" \/><span style=\"color: #57647c; font-family: Roboto, sans-serif; font-size: 14px; background-color: #ffffff;\">\u00a03. Sistem\/altyap\u0131 nas\u0131l uygulamaya al\u0131nmal\u0131?<\/span><\/p><p><span style=\"color: #57647c; font-family: Roboto, sans-serif; font-size: 14px; background-color: #ffffff;\">\u00a0<\/span><\/p><\/div>\n\t\t\t\t<\/div>\n\t\t\t\t\t\t\t\t<\/div>\n\t\t\t\t<\/div>\n\t\t\t\t<\/div>\n\t\t\t\t<div class=\"elementor-element elementor-element-9fb34c0 elementor-widget elementor-widget-text-editor\" data-id=\"9fb34c0\" data-element_type=\"widget\" data-widget_type=\"text-editor.default\">\n\t\t\t\t<div class=\"elementor-widget-container\">\n\t\t\t\t\t\t\t<p><span style=\"font-weight: bolder; color: rgb(87, 100, 124); font-family: Roboto, sans-serif; font-size: 14px; background-color: rgb(255, 255, 255);\">HM\u0130 Bili\u015fim Dan\u0131\u015fmanl\u0131k Hizmetleri ile,<\/span><br style=\"color: rgb(87, 100, 124); font-family: Roboto, sans-serif; font-size: 14px; background-color: rgb(255, 255, 255);\"><br style=\"color: rgb(87, 100, 124); font-family: Roboto, sans-serif; font-size: 14px; background-color: rgb(255, 255, 255);\"><span style=\"color: rgb(87, 100, 124); font-family: Roboto, sans-serif; font-size: 14px; background-color: rgb(255, 255, 255);\">&nbsp;\u2022Derinlemesine bilgi ve deneyim sahibi olursunuz,<\/span><br style=\"color: rgb(87, 100, 124); font-family: Roboto, sans-serif; font-size: 14px; background-color: rgb(255, 255, 255);\"><span style=\"color: rgb(87, 100, 124); font-family: Roboto, sans-serif; font-size: 14px; background-color: rgb(255, 255, 255);\">&nbsp;\u2022\u0130htiya\u00e7lar\u0131n\u0131z\u0131 birebir kar\u015f\u0131layan, maliyet avantajl\u0131, y\u00fcksek verimli ve&nbsp;&nbsp; ak\u0131lc\u0131 \u00e7\u00f6z\u00fcm \u00f6nerileri al\u0131rs\u0131n\u0131z,<\/span><br style=\"color: rgb(87, 100, 124); font-family: Roboto, sans-serif; font-size: 14px; background-color: rgb(255, 255, 255);\"><span style=\"color: rgb(87, 100, 124); font-family: Roboto, sans-serif; font-size: 14px; background-color: rgb(255, 255, 255);\">&nbsp;\u2022Pratik, uygulanmas\u0131 kolay, g\u00fcnl\u00fck i\u015fleyi\u015f ve operasyona uygun tasar\u0131mlar ve metodolojiler elde edersiniz,<\/span><br style=\"color: rgb(87, 100, 124); font-family: Roboto, sans-serif; font-size: 14px; background-color: rgb(255, 255, 255);\"><span style=\"color: rgb(87, 100, 124); font-family: Roboto, sans-serif; font-size: 14px; background-color: rgb(255, 255, 255);\">&nbsp;\u2022Analitik \u00f6ng\u00f6r\u00fclerle yol haritan\u0131z\u0131 \u00e7izersiniz,<\/span><br style=\"color: rgb(87, 100, 124); font-family: Roboto, sans-serif; font-size: 14px; background-color: rgb(255, 255, 255);\"><span style=\"color: rgb(87, 100, 124); font-family: Roboto, sans-serif; font-size: 14px; background-color: rgb(255, 255, 255);\">&nbsp;\u2022\u00d6zel tasar\u0131m \u00e7\u00f6z\u00fcmler ile size \u00f6zel i\u015f modelleri ve uygulamalar kazan\u0131rs\u0131n\u0131z.<\/span><br><\/p>\t\t\t\t\t\t<\/div>\n\t\t\t\t<\/div>\n\t\t\t\t\t<\/div>\n\t\t<\/div>\n\t\t\t\t\t<\/div>\n\t\t<\/section>\n\t\t\t\t<\/div>\n\t\t","protected":false},"excerpt":{"rendered":"<p>DANI\u015eMANLIK H\u0130ZMETLER\u0130 HM\u0130 Bili\u015fim Dan\u0131\u015fmanl\u0131k Hizmetleri global bilgi ve deneyimi, bili\u015fim ve telekom\u00fcnikasyon pazar\u0131n\u0131n g\u00fcnl\u00fck i\u015fleyi\u015f, kural ve ko\u015fullar\u0131 ile harmanlayarak, m\u00fc\u015fterilerine detayl\u0131 analizler ve stratejik yol haritalar\u0131 sunar.&nbsp;&nbsp;&nbsp; \u00d6zellikle geli\u015fmekte olan \u00fclkelerde edindi\u011fimiz bili\u015fim, telekom\u00fcnikasyon, ilgili eko sistemin t\u00fcm par\u00e7alar\u0131na ili\u015fkin deneyimleri ve dinamik vizyonumuzu; servis sa\u011flay\u0131c\u0131lar, kamu kurulu\u015flar\u0131, belediyeler, \u00fcreticiler, kurumsal firmalar ve [&hellip;]<\/p>\n","protected":false},"author":1,"featured_media":0,"parent":0,"menu_order":0,"comment_status":"closed","ping_status":"closed","template":"","meta":{"_uag_custom_page_level_css":"","site-sidebar-layout":"no-sidebar","site-content-layout":"page-builder","ast-site-content-layout":"","site-content-style":"default","site-sidebar-style":"default","ast-global-header-display":"","ast-banner-title-visibility":"","ast-main-header-display":"","ast-hfb-above-header-display":"","ast-hfb-below-header-display":"","ast-hfb-mobile-header-display":"","site-post-title":"disabled","ast-breadcrumbs-content":"","ast-featured-img":"disabled","footer-sml-layout":"","theme-transparent-header-meta":"","adv-header-id-meta":"","stick-header-meta":"","header-above-stick-meta":"","header-main-stick-meta":"","header-below-stick-meta":"","astra-migrate-meta-layouts":"default","ast-page-background-enabled":"default","ast-page-background-meta":{"desktop":{"background-color":"","background-image":"","background-repeat":"repeat","background-position":"center center","background-size":"auto","background-attachment":"scroll","background-type":"","background-media":"","overlay-type":"","overlay-color":"","overlay-opacity":"","overlay-gradient":""},"tablet":{"background-color":"","background-image":"","background-repeat":"repeat","background-position":"center center","background-size":"auto","background-attachment":"scroll","background-type":"","background-media":"","overlay-type":"","overlay-color":"","overlay-opacity":"","overlay-gradient":""},"mobile":{"background-color":"","background-image":"","background-repeat":"repeat","background-position":"center center","background-size":"auto","background-attachment":"scroll","background-type":"","background-media":"","overlay-type":"","overlay-color":"","overlay-opacity":"","overlay-gradient":""}},"ast-content-background-meta":{"desktop":{"background-color":"var(--ast-global-color-5)","background-image":"","background-repeat":"repeat","background-position":"center center","background-size":"auto","background-attachment":"scroll","background-type":"","background-media":"","overlay-type":"","overlay-color":"","overlay-opacity":"","overlay-gradient":""},"tablet":{"background-color":"var(--ast-global-color-5)","background-image":"","background-repeat":"repeat","background-position":"center center","background-size":"auto","background-attachment":"scroll","background-type":"","background-media":"","overlay-type":"","overlay-color":"","overlay-opacity":"","overlay-gradient":""},"mobile":{"background-color":"var(--ast-global-color-5)","background-image":"","background-repeat":"repeat","background-position":"center center","background-size":"auto","background-attachment":"scroll","background-type":"","background-media":"","overlay-type":"","overlay-color":"","overlay-opacity":"","overlay-gradient":""}},"footnotes":""},"class_list":["post-1701","page","type-page","status-publish","hentry"],"uagb_featured_image_src":{"full":false,"thumbnail":false,"medium":false,"medium_large":false,"large":false,"1536x1536":false,"2048x2048":false},"uagb_author_info":{"display_name":"halduntek_m414686q","author_link":"https:\/\/hmibilisim.com\/index.php\/author\/halduntek_m414686q\/"},"uagb_comment_info":0,"uagb_excerpt":"DANI\u015eMANLIK H\u0130ZMETLER\u0130 HM\u0130 Bili\u015fim Dan\u0131\u015fmanl\u0131k Hizmetleri global bilgi ve deneyimi, bili\u015fim ve telekom\u00fcnikasyon pazar\u0131n\u0131n g\u00fcnl\u00fck i\u015fleyi\u015f, kural ve ko\u015fullar\u0131 ile harmanlayarak, m\u00fc\u015fterilerine detayl\u0131 analizler ve stratejik yol haritalar\u0131 sunar.&nbsp;&nbsp;&nbsp; \u00d6zellikle geli\u015fmekte olan \u00fclkelerde edindi\u011fimiz bili\u015fim, telekom\u00fcnikasyon, ilgili eko sistemin t\u00fcm par\u00e7alar\u0131na ili\u015fkin deneyimleri ve dinamik vizyonumuzu; servis sa\u011flay\u0131c\u0131lar, kamu kurulu\u015flar\u0131, belediyeler, \u00fcreticiler, kurumsal firmalar ve&hellip;","_links":{"self":[{"href":"https:\/\/hmibilisim.com\/index.php\/wp-json\/wp\/v2\/pages\/1701"}],"collection":[{"href":"https:\/\/hmibilisim.com\/index.php\/wp-json\/wp\/v2\/pages"}],"about":[{"href":"https:\/\/hmibilisim.com\/index.php\/wp-json\/wp\/v2\/types\/page"}],"author":[{"embeddable":true,"href":"https:\/\/hmibilisim.com\/index.php\/wp-json\/wp\/v2\/users\/1"}],"replies":[{"embeddable":true,"href":"https:\/\/hmibilisim.com\/index.php\/wp-json\/wp\/v2\/comments?post=1701"}],"version-history":[{"count":5,"href":"https:\/\/hmibilisim.com\/index.php\/wp-json\/wp\/v2\/pages\/1701\/revisions"}],"predecessor-version":[{"id":1706,"href":"https:\/\/hmibilisim.com\/index.php\/wp-json\/wp\/v2\/pages\/1701\/revisions\/1706"}],"wp:attachment":[{"href":"https:\/\/hmibilisim.com\/index.php\/wp-json\/wp\/v2\/media?parent=1701"}],"curies":[{"name":"wp","href":"https:\/\/api.w.org\/{rel}","templated":true}]}}